{"id":694,"date":"2025-08-12T15:30:19","date_gmt":"2025-08-12T15:30:19","guid":{"rendered":"https:\/\/pstrykawka.com\/?page_id=694"},"modified":"2026-01-08T10:51:42","modified_gmt":"2026-01-08T10:51:42","slug":"pstrykawka-com-2","status":"publish","type":"page","link":"https:\/\/pstrykawka.com\/","title":{"rendered":"pstrykawka.com"},"content":{"rendered":"\t\t<div data-elementor-type=\"wp-post\" data-elementor-id=\"694\" class=\"elementor elementor-694\" data-elementor-post-type=\"page\">\n\t\t\t\t<div class=\"elementor-element elementor-element-16db056c e-con-full e-flex e-con e-parent\" data-id=\"16db056c\" data-element_type=\"container\" data-e-type=\"container\" data-settings=\"{&quot;background_background&quot;:&quot;slideshow&quot;,&quot;background_slideshow_gallery&quot;:[{&quot;id&quot;:194,&quot;url&quot;:&quot;http:\\\/\\\/pstrykawka.com\\\/wp-content\\\/uploads\\\/2025\\\/08\\\/Aliceinwonderland-12-1.jpg&quot;},{&quot;id&quot;:242,&quot;url&quot;:&quot;http:\\\/\\\/pstrykawka.com\\\/wp-content\\\/uploads\\\/2025\\\/08\\\/73163053_1098310623712157_4493960870354747392_n.jpg&quot;},{&quot;id&quot;:214,&quot;url&quot;:&quot;http:\\\/\\\/pstrykawka.com\\\/wp-content\\\/uploads\\\/2025\\\/08\\\/pstrykawka-1-15.jpg&quot;},{&quot;id&quot;:212,&quot;url&quot;:&quot;http:\\\/\\\/pstrykawka.com\\\/wp-content\\\/uploads\\\/2025\\\/08\\\/Krolowasniegu-11.jpg&quot;},{&quot;id&quot;:193,&quot;url&quot;:&quot;http:\\\/\\\/pstrykawka.com\\\/wp-content\\\/uploads\\\/2025\\\/08\\\/Aliceinwonderland-11-1.jpg&quot;},{&quot;id&quot;:198,&quot;url&quot;:&quot;http:\\\/\\\/pstrykawka.com\\\/wp-content\\\/uploads\\\/2025\\\/08\\\/Daria-5.jpg&quot;},{&quot;id&quot;:236,&quot;url&quot;:&quot;http:\\\/\\\/pstrykawka.com\\\/wp-content\\\/uploads\\\/2025\\\/08\\\/21200489_666067330269824_1791933597836659126_o.jpg&quot;},{&quot;id&quot;:220,&quot;url&quot;:&quot;http:\\\/\\\/pstrykawka.com\\\/wp-content\\\/uploads\\\/2025\\\/08\\\/12362978_400316863511540_5543623889737966003_o.jpg&quot;},{&quot;id&quot;:231,&quot;url&quot;:&quot;http:\\\/\\\/pstrykawka.com\\\/wp-content\\\/uploads\\\/2025\\\/08\\\/12961238_438305889712637_8493105806307413126_o.jpg&quot;},{&quot;id&quot;:233,&quot;url&quot;:&quot;http:\\\/\\\/pstrykawka.com\\\/wp-content\\\/uploads\\\/2025\\\/08\\\/12973223_439163376293555_4467967914401174055_o.jpg&quot;},{&quot;id&quot;:209,&quot;url&quot;:&quot;http:\\\/\\\/pstrykawka.com\\\/wp-content\\\/uploads\\\/2025\\\/08\\\/Krolowasniegu-8.jpg&quot;},{&quot;id&quot;:177,&quot;url&quot;:&quot;http:\\\/\\\/pstrykawka.com\\\/wp-content\\\/uploads\\\/2025\\\/08\\\/Aliceinwonderland-7.jpg&quot;}],&quot;background_slideshow_slide_duration&quot;:3000,&quot;background_slideshow_loop&quot;:&quot;yes&quot;,&quot;background_slideshow_slide_transition&quot;:&quot;fade&quot;,&quot;background_slideshow_transition_duration&quot;:500}\">\n\t\t\t\t<div class=\"elementor-element elementor-element-7f117fa5 elementor-widget elementor-widget-heading\" data-id=\"7f117fa5\" data-element_type=\"widget\" data-e-type=\"widget\" data-widget_type=\"heading.default\">\n\t\t\t\t\t<h1 class=\"elementor-heading-title elementor-size-default\">Od pomys\u0142u do publikacji \u2013 FOTO, VIDEO, social media. <\/h1>\t\t\t\t<\/div>\n\t\t\t\t<div class=\"elementor-element elementor-element-5063d869 elementor-widget__width-initial elementor-widget-mobile__width-inherit elementor-widget elementor-widget-text-editor\" data-id=\"5063d869\" data-element_type=\"widget\" data-e-type=\"widget\" data-widget_type=\"text-editor.default\">\n\t\t\t\t\t\t\t\t\t<p>Profesjonalnie. Kreatywnie. Na czas.<\/p>\t\t\t\t\t\t\t\t<\/div>\n\t\t\t\t<div class=\"elementor-element elementor-element-676e005d elementor-mobile-align-center elementor-widget elementor-widget-button\" data-id=\"676e005d\" data-element_type=\"widget\" data-e-type=\"widget\" data-widget_type=\"button.default\">\n\t\t\t\t\t\t\t\t\t\t<a class=\"elementor-button elementor-button-link elementor-size-sm\" href=\"#\">\n\t\t\t\t\t\t<span class=\"elementor-button-content-wrapper\">\n\t\t\t\t\t\t\t\t\t<span class=\"elementor-button-text\">PORTFOLIO<\/span>\n\t\t\t\t\t<\/span>\n\t\t\t\t\t<\/a>\n\t\t\t\t\t\t\t\t<\/div>\n\t\t\t\t<\/div>\n\t\t<div class=\"elementor-element elementor-element-50f390cc e-con-full e-flex e-con e-parent\" data-id=\"50f390cc\" data-element_type=\"container\" data-e-type=\"container\" id=\"next\">\n\t\t\t\t<div class=\"elementor-element elementor-element-18496aae elementor-widget elementor-widget-heading\" data-id=\"18496aae\" data-element_type=\"widget\" data-e-type=\"widget\" data-widget_type=\"heading.default\">\n\t\t\t\t\t<h3 class=\"elementor-heading-title elementor-size-default\">Od kadr\u00f3w po klikni\u0119cia \u2013 kompleksowa obs\u0142uga.<\/h3>\t\t\t\t<\/div>\n\t\t<div class=\"elementor-element elementor-element-55133d39 e-con-full e-flex e-con e-child\" data-id=\"55133d39\" data-element_type=\"container\" data-e-type=\"container\">\n\t\t<div class=\"elementor-element elementor-element-43d57e91 e-con-full e-flex e-con e-child\" data-id=\"43d57e91\" data-element_type=\"container\" data-e-type=\"container\">\n\t\t\t\t<div class=\"elementor-element elementor-element-617cacfe elementor-widget__width-auto elementor-widget-mobile__width-inherit elementor-invisible elementor-widget elementor-widget-heading\" data-id=\"617cacfe\" data-element_type=\"widget\" data-e-type=\"widget\" data-settings=\"{&quot;_animation&quot;:&quot;fadeInRight&quot;}\" data-widget_type=\"heading.default\">\n\t\t\t\t\t<p class=\"elementor-heading-title elementor-size-default\">01<\/p>\t\t\t\t<\/div>\n\t\t\t\t<div class=\"elementor-element elementor-element-61ed4755 elementor-widget__width-initial elementor-widget-tablet__width-initial elementor-widget-mobile__width-inherit elementor-widget elementor-widget-icon-box\" data-id=\"61ed4755\" data-element_type=\"widget\" data-e-type=\"widget\" data-widget_type=\"icon-box.default\">\n\t\t\t\t\t\t\t<div class=\"elementor-icon-box-wrapper\">\n\n\t\t\t\n\t\t\t\t\t\t<div class=\"elementor-icon-box-content\">\n\n\t\t\t\t\t\t\t\t\t<h4 class=\"elementor-icon-box-title\">\n\t\t\t\t\t\t<span  >\n\t\t\t\t\t\t\tFotografia\t\t\t\t\t\t<\/span>\n\t\t\t\t\t<\/h4>\n\t\t\t\t\n\t\t\t\t\t\t\t\t\t<p class=\"elementor-icon-box-description\">\n\t\t\t\t\t\tproduktowa, wizerunkowa, rodzinna, eventowa, lifestyle\t\t\t\t\t<\/p>\n\t\t\t\t\n\t\t\t<\/div>\n\t\t\t\n\t\t<\/div>\n\t\t\t\t\t\t<\/div>\n\t\t\t\t<\/div>\n\t\t<div class=\"elementor-element elementor-element-492511a0 e-con-full e-flex e-con e-child\" data-id=\"492511a0\" data-element_type=\"container\" data-e-type=\"container\">\n\t\t\t\t<div class=\"elementor-element elementor-element-760ec26 elementor-widget__width-auto elementor-widget-mobile__width-inherit elementor-invisible elementor-widget elementor-widget-heading\" data-id=\"760ec26\" data-element_type=\"widget\" data-e-type=\"widget\" data-settings=\"{&quot;_animation&quot;:&quot;fadeInRight&quot;}\" data-widget_type=\"heading.default\">\n\t\t\t\t\t<p class=\"elementor-heading-title elementor-size-default\">02<\/p>\t\t\t\t<\/div>\n\t\t\t\t<div class=\"elementor-element elementor-element-4b2d2642 elementor-widget__width-initial elementor-widget-tablet__width-initial elementor-widget-mobile__width-inherit elementor-widget elementor-widget-icon-box\" data-id=\"4b2d2642\" data-element_type=\"widget\" data-e-type=\"widget\" data-widget_type=\"icon-box.default\">\n\t\t\t\t\t\t\t<div class=\"elementor-icon-box-wrapper\">\n\n\t\t\t\n\t\t\t\t\t\t<div class=\"elementor-icon-box-content\">\n\n\t\t\t\t\t\t\t\t\t<h4 class=\"elementor-icon-box-title\">\n\t\t\t\t\t\t<span  >\n\t\t\t\t\t\t\tProdukcja wideo\t\t\t\t\t\t<\/span>\n\t\t\t\t\t<\/h4>\n\t\t\t\t\n\t\t\t\t\t\t\t\t\t<p class=\"elementor-icon-box-description\">\n\t\t\t\t\t\tteledyski, reklamy, materia\u0142y promocyjne, relacje z wydarze\u0144\t\t\t\t\t<\/p>\n\t\t\t\t\n\t\t\t<\/div>\n\t\t\t\n\t\t<\/div>\n\t\t\t\t\t\t<\/div>\n\t\t\t\t<\/div>\n\t\t<div class=\"elementor-element elementor-element-57fbab79 e-con-full e-flex e-con e-child\" data-id=\"57fbab79\" data-element_type=\"container\" data-e-type=\"container\">\n\t\t\t\t<div class=\"elementor-element elementor-element-4d5d328b elementor-widget__width-auto elementor-widget-mobile__width-inherit elementor-invisible elementor-widget elementor-widget-heading\" data-id=\"4d5d328b\" data-element_type=\"widget\" data-e-type=\"widget\" data-settings=\"{&quot;_animation&quot;:&quot;fadeInRight&quot;}\" data-widget_type=\"heading.default\">\n\t\t\t\t\t<p class=\"elementor-heading-title elementor-size-default\">03<\/p>\t\t\t\t<\/div>\n\t\t\t\t<div class=\"elementor-element elementor-element-5806a5c elementor-widget__width-initial elementor-widget-tablet__width-initial elementor-widget-mobile__width-inherit elementor-widget elementor-widget-icon-box\" data-id=\"5806a5c\" data-element_type=\"widget\" data-e-type=\"widget\" data-widget_type=\"icon-box.default\">\n\t\t\t\t\t\t\t<div class=\"elementor-icon-box-wrapper\">\n\n\t\t\t\n\t\t\t\t\t\t<div class=\"elementor-icon-box-content\">\n\n\t\t\t\t\t\t\t\t\t<h4 class=\"elementor-icon-box-title\">\n\t\t\t\t\t\t<span  >\n\t\t\t\t\t\t\tSocial Media\t\t\t\t\t\t<\/span>\n\t\t\t\t\t<\/h4>\n\t\t\t\t\n\t\t\t\t\t\t\t\t\t<p class=\"elementor-icon-box-description\">\n\t\t\t\t\t\tstrategia, planowanie tre\u015bci, prowadzenie profili, kampanie reklamowe, kompleksowo\t\t\t\t\t<\/p>\n\t\t\t\t\n\t\t\t<\/div>\n\t\t\t\n\t\t<\/div>\n\t\t\t\t\t\t<\/div>\n\t\t\t\t<\/div>\n\t\t\t\t<\/div>\n\t\t\t\t<\/div>\n\t\t<div class=\"elementor-element elementor-element-19933c88 e-con-full e-flex e-con e-parent\" data-id=\"19933c88\" data-element_type=\"container\" data-e-type=\"container\" data-settings=\"{&quot;background_background&quot;:&quot;slideshow&quot;,&quot;background_slideshow_gallery&quot;:[{&quot;id&quot;:103,&quot;url&quot;:&quot;http:\\\/\\\/pstrykawka.com\\\/wp-content\\\/uploads\\\/2025\\\/08\\\/pstrykawka.com_.jpg&quot;}],&quot;background_slideshow_slide_duration&quot;:3000,&quot;background_slideshow_ken_burns&quot;:&quot;yes&quot;,&quot;background_slideshow_ken_burns_zoom_direction&quot;:&quot;out&quot;,&quot;background_slideshow_loop&quot;:&quot;yes&quot;,&quot;background_slideshow_slide_transition&quot;:&quot;fade&quot;,&quot;background_slideshow_transition_duration&quot;:500}\">\n\t\t\t\t<div class=\"elementor-element elementor-element-60f54b20 elementor-mobile-align-center elementor-widget elementor-widget-button\" data-id=\"60f54b20\" data-element_type=\"widget\" data-e-type=\"widget\" data-widget_type=\"button.default\">\n\t\t\t\t\t\t\t\t\t\t<a class=\"elementor-button elementor-button-link elementor-size-sm\" href=\"#\">\n\t\t\t\t\t\t<span class=\"elementor-button-content-wrapper\">\n\t\t\t\t\t\t\t\t\t<span class=\"elementor-button-text\">o MNIE<\/span>\n\t\t\t\t\t<\/span>\n\t\t\t\t\t<\/a>\n\t\t\t\t\t\t\t\t<\/div>\n\t\t\t\t<div class=\"elementor-element elementor-element-319447d8 elementor-widget elementor-widget-heading\" data-id=\"319447d8\" data-element_type=\"widget\" data-e-type=\"widget\" data-widget_type=\"heading.default\">\n\t\t\t\t\t<h2 class=\"elementor-heading-title elementor-size-default\">Basia PSTRYKAWKA<\/h2>\t\t\t\t<\/div>\n\t\t\t\t<div class=\"elementor-element elementor-element-2f1c5cd9 elementor-widget__width-initial elementor-widget-mobile__width-inherit elementor-widget elementor-widget-text-editor\" data-id=\"2f1c5cd9\" data-element_type=\"widget\" data-e-type=\"widget\" data-widget_type=\"text-editor.default\">\n\t\t\t\t\t\t\t\t\t<p>Jestem fotografem, producentem wideo i social media managerem. \u0141\u0105cz\u0119 kreatywno\u015b\u0107 z do\u015bwiadczeniem, aby Twoja marka by\u0142a widoczna i zapada\u0142a w pami\u0119\u0107.\u00a0<\/p><p>Tworz\u0119 sp\u00f3jne wizualne historie \u2013 od pierwszego kadru, przez monta\u017c, a\u017c po publikacj\u0119 w sieci.<br data-start=\"1178\" data-end=\"1181\" \/>Wierz\u0119, \u017ce dobry obraz to nie tylko estetyka, ale i emocje, skuteczny przekaz, kt\u00f3ry przyci\u0105ga odbiorc\u00f3w i buduje relacje.<\/p><p>Jestem kreatywna, uwielbiam nowe wyzwania, ci\u0105gle na etapie rozwoju, pod\u0105\u017cam za nowinkami, zapraszam &#8211; stw\u00f3rzmy razem co\u015b pi\u0119knego.\u00a0<\/p>\t\t\t\t\t\t\t\t<\/div>\n\t\t\t\t<\/div>\n\t\t<div class=\"elementor-element elementor-element-2fb900b4 e-con-full e-flex e-con e-parent\" data-id=\"2fb900b4\" data-element_type=\"container\" data-e-type=\"container\">\n\t\t\t\t<div class=\"elementor-element elementor-element-b2fdd40 elementor-widget elementor-widget-heading\" data-id=\"b2fdd40\" data-element_type=\"widget\" data-e-type=\"widget\" data-widget_type=\"heading.default\">\n\t\t\t\t\t<h3 class=\"elementor-heading-title elementor-size-default\">Opinie moich klient\u00f3w - rado\u015b\u0107 i satysfakcja<\/h3>\t\t\t\t<\/div>\n\t\t<div class=\"elementor-element elementor-element-6f555565 e-con-full e-flex e-con e-child\" data-id=\"6f555565\" data-element_type=\"container\" data-e-type=\"container\">\n\t\t<div class=\"elementor-element elementor-element-25690c44 e-con-full e-flex e-con e-child\" data-id=\"25690c44\" data-element_type=\"container\" data-e-type=\"container\">\n\t\t\t\t<div class=\"elementor-element elementor-element-311606a0 elementor--star-style-star_unicode elementor-widget elementor-widget-star-rating\" data-id=\"311606a0\" data-element_type=\"widget\" data-e-type=\"widget\" data-widget_type=\"star-rating.default\">\n\t\t\t\t\t\t\t<div class=\"elementor-star-rating__wrapper\">\n\t\t\t\t\t\t<div class=\"elementor-star-rating\" itemtype=\"http:\/\/schema.org\/Rating\" itemscope=\"\" itemprop=\"reviewRating\">\n\t\t\t\t<i class=\"elementor-star-full\" aria-hidden=\"true\">&#9733;<\/i><i class=\"elementor-star-full\" aria-hidden=\"true\">&#9733;<\/i><i class=\"elementor-star-full\" aria-hidden=\"true\">&#9733;<\/i><i class=\"elementor-star-full\" aria-hidden=\"true\">&#9733;<\/i><i class=\"elementor-star-full\" aria-hidden=\"true\">&#9733;<\/i>\t\t\t\t<span itemprop=\"ratingValue\" class=\"elementor-screen-only\">Rated 5 out of 5<\/span>\n\t\t\t<\/div>\n\t\t<\/div>\n\t\t\t\t\t\t<\/div>\n\t\t\t\t<div class=\"elementor-element elementor-element-4e4609db elementor-widget elementor-widget-testimonial\" data-id=\"4e4609db\" data-element_type=\"widget\" data-e-type=\"widget\" data-widget_type=\"testimonial.default\">\n\t\t\t\t\t\t\t<div class=\"elementor-testimonial-wrapper\">\n\t\t\t\t\t\t\t<div class=\"elementor-testimonial-content\">Serdecznie polecam Basi\u0119, jest naprawd\u0119 wnikliw\u0105, dok\u0142adn\u0105, serdeczn\u0105, sympatyczn\u0105, pozytywn\u0105 osob\u0105, kt\u00f3ra sprosta oczekiwaniom. Na sesji roz\u0142adowuje atmosfer\u0119, jest pomys\u0142owa. A zdj\u0119cia s\u0105 pi\u0119kne i stanowi\u0105 wspania\u0142\u0105 pami\u0105tk\u0119 \ud83d\ude42<\/div>\n\t\t\t\n\t\t\t\t\t\t<div class=\"elementor-testimonial-meta\">\n\t\t\t\t<div class=\"elementor-testimonial-meta-inner\">\n\t\t\t\t\t\n\t\t\t\t\t\t\t\t\t\t<div class=\"elementor-testimonial-details\">\n\t\t\t\t\t\t\t\t\t\t\t\t\t\t<div class=\"elementor-testimonial-name\">Monika Micho\u0144ska<\/div>\n\t\t\t\t\t\t\t\t\t\t\t\t\t\t\t\t\t\t\t<\/div>\n\t\t\t\t\t\t\t\t\t<\/div>\n\t\t\t<\/div>\n\t\t\t\t\t<\/div>\n\t\t\t\t\t\t<\/div>\n\t\t\t\t<\/div>\n\t\t<div class=\"elementor-element elementor-element-221dda0e e-con-full e-flex e-con e-child\" data-id=\"221dda0e\" data-element_type=\"container\" data-e-type=\"container\">\n\t\t\t\t<div class=\"elementor-element elementor-element-a8b7b06 elementor--star-style-star_unicode elementor-widget elementor-widget-star-rating\" data-id=\"a8b7b06\" data-element_type=\"widget\" data-e-type=\"widget\" data-widget_type=\"star-rating.default\">\n\t\t\t\t\t\t\t<div class=\"elementor-star-rating__wrapper\">\n\t\t\t\t\t\t<div class=\"elementor-star-rating\" itemtype=\"http:\/\/schema.org\/Rating\" itemscope=\"\" itemprop=\"reviewRating\">\n\t\t\t\t<i class=\"elementor-star-full\" aria-hidden=\"true\">&#9733;<\/i><i class=\"elementor-star-full\" aria-hidden=\"true\">&#9733;<\/i><i class=\"elementor-star-full\" aria-hidden=\"true\">&#9733;<\/i><i class=\"elementor-star-full\" aria-hidden=\"true\">&#9733;<\/i><i class=\"elementor-star-full\" aria-hidden=\"true\">&#9733;<\/i>\t\t\t\t<span itemprop=\"ratingValue\" class=\"elementor-screen-only\">Rated 5 out of 5<\/span>\n\t\t\t<\/div>\n\t\t<\/div>\n\t\t\t\t\t\t<\/div>\n\t\t\t\t<div class=\"elementor-element elementor-element-78700fb5 elementor-widget elementor-widget-testimonial\" data-id=\"78700fb5\" data-element_type=\"widget\" data-e-type=\"widget\" data-widget_type=\"testimonial.default\">\n\t\t\t\t\t\t\t<div class=\"elementor-testimonial-wrapper\">\n\t\t\t\t\t\t\t<div class=\"elementor-testimonial-content\">Sesja \u015blubna, reporta\u017c, teledysk... Nie wiem czy jest co\u015b czego Basia nie ogarnie \ud83d\ude01 do tego jest niesamowicie pozytywn\u0105 osob\u0105 zakr\u0119con\u0105 na 1000% w to co robi. Korzystali\u015bmy z jej us\u0142ug nieraz i na pewno gdy zn\u00f3w b\u0119dzie okazja to do niej si\u0119 zg\u0142osimy \ud83d\ude01<\/div>\n\t\t\t\n\t\t\t\t\t\t<div class=\"elementor-testimonial-meta\">\n\t\t\t\t<div class=\"elementor-testimonial-meta-inner\">\n\t\t\t\t\t\n\t\t\t\t\t\t\t\t\t\t<div class=\"elementor-testimonial-details\">\n\t\t\t\t\t\t\t\t\t\t\t\t\t\t<div class=\"elementor-testimonial-name\">Karina Osowska<\/div>\n\t\t\t\t\t\t\t\t\t\t\t\t\t\t\t\t\t\t\t<\/div>\n\t\t\t\t\t\t\t\t\t<\/div>\n\t\t\t<\/div>\n\t\t\t\t\t<\/div>\n\t\t\t\t\t\t<\/div>\n\t\t\t\t<\/div>\n\t\t<div class=\"elementor-element elementor-element-507aa61 e-con-full e-flex e-con e-child\" data-id=\"507aa61\" data-element_type=\"container\" data-e-type=\"container\">\n\t\t\t\t<div class=\"elementor-element elementor-element-3c5e6fa6 elementor--star-style-star_unicode elementor-widget elementor-widget-star-rating\" data-id=\"3c5e6fa6\" data-element_type=\"widget\" data-e-type=\"widget\" data-widget_type=\"star-rating.default\">\n\t\t\t\t\t\t\t<div class=\"elementor-star-rating__wrapper\">\n\t\t\t\t\t\t<div class=\"elementor-star-rating\" itemtype=\"http:\/\/schema.org\/Rating\" itemscope=\"\" itemprop=\"reviewRating\">\n\t\t\t\t<i class=\"elementor-star-full\" aria-hidden=\"true\">&#9733;<\/i><i class=\"elementor-star-full\" aria-hidden=\"true\">&#9733;<\/i><i class=\"elementor-star-full\" aria-hidden=\"true\">&#9733;<\/i><i class=\"elementor-star-full\" aria-hidden=\"true\">&#9733;<\/i><i class=\"elementor-star-full\" aria-hidden=\"true\">&#9733;<\/i>\t\t\t\t<span itemprop=\"ratingValue\" class=\"elementor-screen-only\">Rated 5 out of 5<\/span>\n\t\t\t<\/div>\n\t\t<\/div>\n\t\t\t\t\t\t<\/div>\n\t\t\t\t<div class=\"elementor-element elementor-element-35ea930e elementor-widget elementor-widget-testimonial\" data-id=\"35ea930e\" data-element_type=\"widget\" data-e-type=\"widget\" data-widget_type=\"testimonial.default\">\n\t\t\t\t\t\t\t<div class=\"elementor-testimonial-wrapper\">\n\t\t\t\t\t\t\t<div class=\"elementor-testimonial-content\">Je\u015bli potrzebujesz osoby, kt\u00f3ra stanie na wysoko\u015bci zadania i zrobi pi\u0119kne zdj\u0119cia, to Basia jest t\u0105 osob\u0105.\nPe\u0142en profesjonalizm i zdecydowanie w pracy. Rozmawia z klientem i jest otwarta na wszelkie propozycje.\nPolecam!!<\/div>\n\t\t\t\n\t\t\t\t\t\t<div class=\"elementor-testimonial-meta\">\n\t\t\t\t<div class=\"elementor-testimonial-meta-inner\">\n\t\t\t\t\t\n\t\t\t\t\t\t\t\t\t\t<div class=\"elementor-testimonial-details\">\n\t\t\t\t\t\t\t\t\t\t\t\t\t\t<div class=\"elementor-testimonial-name\">Magda Mo\u0144ka<\/div>\n\t\t\t\t\t\t\t\t\t\t\t\t\t\t\t\t\t\t\t<\/div>\n\t\t\t\t\t\t\t\t\t<\/div>\n\t\t\t<\/div>\n\t\t\t\t\t<\/div>\n\t\t\t\t\t\t<\/div>\n\t\t\t\t<\/div>\n\t\t\t\t<\/div>\n\t\t\t\t<\/div>\n\t\t<div class=\"elementor-element elementor-element-f0dc3fd e-flex e-con-boxed e-con e-parent\" data-id=\"f0dc3fd\" data-element_type=\"container\" data-e-type=\"container\">\n\t\t\t\t\t<div class=\"e-con-inner\">\n\t\t\t\t\t<\/div>\n\t\t\t\t<\/div>\n\t\t\t\t<\/div>\n\t\t","protected":false},"excerpt":{"rendered":"<p>Od pomys\u0142u do publikacji \u2013 FOTO, VIDEO, social media. Profesjonalnie. Kreatywnie. Na czas. PORTFOLIO Od kadr\u00f3w po klikni\u0119cia \u2013 kompleksowa obs\u0142uga. 01 Fotografia produktowa, wizerunkowa, rodzinna, eventowa, lifestyle 02 Produkcja wideo teledyski, reklamy, materia\u0142y promocyjne, relacje z wydarze\u0144 03 Social Media strategia, planowanie tre\u015bci, prowadzenie profili, kampanie reklamowe, kompleksowo o MNIE Basia PSTRYKAWKA Jestem fotografem, &hellip; <\/p>\n<p class=\"link-more\"><a href=\"https:\/\/pstrykawka.com\/\" class=\"more-link\">Read more<span class=\"screen-reader-text\"> &#8220;pstrykawka.com&#8221;<\/span><\/a><\/p>\n","protected":false},"author":1,"featured_media":0,"parent":0,"menu_order":0,"comment_status":"closed","ping_status":"closed","template":"elementor_header_footer","meta":{"footnotes":""},"class_list":["post-694","page","type-page","status-publish","hentry"],"_links":{"self":[{"href":"https:\/\/pstrykawka.com\/index.php?rest_route=\/wp\/v2\/pages\/694","targetHints":{"allow":["GET"]}}],"collection":[{"href":"https:\/\/pstrykawka.com\/index.php?rest_route=\/wp\/v2\/pages"}],"about":[{"href":"https:\/\/pstrykawka.com\/index.php?rest_route=\/wp\/v2\/types\/page"}],"author":[{"embeddable":true,"href":"https:\/\/pstrykawka.com\/index.php?rest_route=\/wp\/v2\/users\/1"}],"replies":[{"embeddable":true,"href":"https:\/\/pstrykawka.com\/index.php?rest_route=%2Fwp%2Fv2%2Fcomments&post=694"}],"version-history":[{"count":14,"href":"https:\/\/pstrykawka.com\/index.php?rest_route=\/wp\/v2\/pages\/694\/revisions"}],"predecessor-version":[{"id":1538,"href":"https:\/\/pstrykawka.com\/index.php?rest_route=\/wp\/v2\/pages\/694\/revisions\/1538"}],"wp:attachment":[{"href":"https:\/\/pstrykawka.com\/index.php?rest_route=%2Fwp%2Fv2%2Fmedia&parent=694"}],"curies":[{"name":"wp","href":"https:\/\/api.w.org\/{rel}","templated":true}]}}